{"id":393,"date":"2024-02-16T22:17:34","date_gmt":"2024-02-16T21:17:34","guid":{"rendered":"https:\/\/clairdelune-asso.fr\/?page_id=393"},"modified":"2024-07-28T16:36:40","modified_gmt":"2024-07-28T14:36:40","slug":"je-me-presente","status":"publish","type":"page","link":"https:\/\/clairdelune-asso.fr\/index.php\/je-me-presente\/","title":{"rendered":"Je me pr\u00e9sente"},"content":{"rendered":"<div data-colibri-id=\"393-c1\" class=\"style-452 style-local-393-c1 position-relative\">\r\n  <!---->\r\n  <div data-colibri-component=\"section\" data-colibri-id=\"393-c2\" id=\"custom\" class=\"h-section h-section-global-spacing d-flex align-items-lg-center align-items-md-center align-items-center style-456 style-local-393-c2 position-relative\">\r\n    <!---->\r\n    <!---->\r\n    <div class=\"h-section-grid-container h-section-boxed-container\">\r\n      <!---->\r\n      <div data-colibri-id=\"393-c3\" class=\"h-row-container gutters-row-lg-2 gutters-row-md-2 gutters-row-0 gutters-row-v-lg-2 gutters-row-v-md-2 gutters-row-v-2 style-457 style-local-393-c3 position-relative\">\r\n        <!---->\r\n        <div class=\"h-row justify-content-lg-center justify-content-md-center justify-content-center align-items-lg-stretch align-items-md-stretch align-items-stretch gutters-col-lg-2 gutters-col-md-2 gutters-col-0 gutters-col-v-lg-2 gutters-col-v-md-2 gutters-col-v-2\">\r\n          <!---->\r\n          <div class=\"h-column h-column-container d-flex h-col-lg-auto h-col-md-auto h-col-auto style-458-outer style-local-393-c4-outer\">\r\n            <div data-colibri-id=\"393-c4\" class=\"d-flex h-flex-basis h-column__inner h-ui-empty-state-container h-px-lg-2 h-px-md-2 h-px-2 v-inner-lg-2 v-inner-md-2 v-inner-2 style-458 style-local-393-c4 position-relative\">\r\n              <!---->\r\n              <!---->\r\n              <div class=\"w-100 h-y-container h-column__content h-column__v-align flex-basis-100\">\r\n                <!---->\r\n              <\/div>\r\n            <\/div>\r\n          <\/div>\r\n        <\/div>\r\n      <\/div>\r\n      <div data-colibri-id=\"393-c5\" class=\"h-row-container gutters-row-lg-2 gutters-row-md-2 gutters-row-0 gutters-row-v-lg-2 gutters-row-v-md-2 gutters-row-v-2 style-477 style-local-393-c5 position-relative\">\r\n        <!---->\r\n        <div class=\"h-row justify-content-lg-center justify-content-md-center justify-content-center align-items-lg-stretch align-items-md-stretch align-items-stretch gutters-col-lg-2 gutters-col-md-2 gutters-col-0 gutters-col-v-lg-2 gutters-col-v-md-2 gutters-col-v-2\">\r\n          <!---->\r\n          <div class=\"h-column h-column-container d-flex h-col-lg-auto h-col-md-auto h-col-auto style-478-outer style-local-393-c6-outer\">\r\n            <div data-colibri-id=\"393-c6\" class=\"d-flex h-flex-basis h-column__inner h-px-lg-2 h-px-md-2 h-px-2 v-inner-lg-2 v-inner-md-2 v-inner-2 style-478 style-local-393-c6 position-relative\">\r\n              <!---->\r\n              <!---->\r\n              <div class=\"w-100 h-y-container h-column__content h-column__v-align flex-basis-100 align-self-lg-start align-self-md-start align-self-start\">\r\n                <!---->\r\n                <div data-colibri-id=\"393-c7\" class=\"h-global-transition-all h-heading style-482 style-local-393-c7 position-relative h-element\">\r\n                  <!---->\r\n                  <div class=\"h-heading__outer style-482 style-local-393-c7\">\r\n                    <!---->\r\n                    <!---->\r\n                    <h1 class=\"\">Mon histoire&#8230;<\/h1>\r\n                  <\/div>\r\n                <\/div>\r\n                <div data-colibri-id=\"393-c8\" class=\"h-text h-text-component style-486 style-local-393-c8 position-relative h-element\">\r\n                  <!---->\r\n                  <!---->\r\n                  <div class=\"\">\r\n                    <p>&nbsp;<\/p>\r\n                  <\/div>\r\n                <\/div>\r\n              <\/div>\r\n            <\/div>\r\n          <\/div>\r\n        <\/div>\r\n      <\/div>\r\n      <div data-colibri-id=\"393-c9\" class=\"h-row-container gutters-row-lg-2 gutters-row-md-2 gutters-row-0 gutters-row-v-lg-2 gutters-row-v-md-2 gutters-row-v-2 style-480 style-local-393-c9 position-relative\">\r\n        <!---->\r\n        <div class=\"h-row justify-content-lg-center justify-content-md-center justify-content-center align-items-lg-stretch align-items-md-stretch align-items-stretch gutters-col-lg-2 gutters-col-md-2 gutters-col-0 gutters-col-v-lg-2 gutters-col-v-md-2 gutters-col-v-2\">\r\n          <!---->\r\n          <div class=\"h-column h-column-container d-flex h-col-lg-auto h-col-md-auto h-col-auto style-481-outer style-local-393-c10-outer\">\r\n            <div data-colibri-id=\"393-c10\" class=\"d-flex h-flex-basis h-column__inner h-px-lg-2 h-px-md-2 h-px-2 v-inner-lg-2 v-inner-md-2 v-inner-2 style-481 style-local-393-c10 position-relative\">\r\n              <!---->\r\n              <!---->\r\n              <div class=\"w-100 h-y-container h-column__content h-column__v-align flex-basis-100 align-self-lg-start align-self-md-start align-self-start\">\r\n                <!---->\r\n                <div data-colibri-id=\"393-c11\" class=\"h-text h-text-component style-459 style-local-393-c11 position-relative h-element\">\r\n                  <!---->\r\n                  <!---->\r\n                  <div class=\"\">\r\n                    <p>J\u2019ai toujours \u00e9t\u00e9 \u00ab&nbsp;hypersensible&nbsp;\u00bb et j\u2019ai longtemps \u00e9t\u00e9 \u00e0 la recherche d\u2019outils pour g\u00e9rer ce \u00ab&nbsp;trop&nbsp;\u00bb qui \u00e9tait douloureux.<\/p>\r\n                    <p>De moments cl\u00e9s en rencontres, la Vie m\u2019a offert une boite \u00e0 outils (p\u00e9dagogie, chamanisme, communication non-violente, m\u00e9ditation, jardinage, cr\u00e9ativit\u00e9\u2026) que j\u2019ai maintenant envie de partager pour que la joie que j\u2019ai sentie \u00e0 nouveau\r\n                      briller dans mes yeux, brille \u00e0 nouveau dans les yeux des personnes qui souhaitent avancer sur le Chemin avec plus de l\u00e9g\u00e8ret\u00e9, de simplicit\u00e9 et de clart\u00e9.<\/p>\r\n                  <\/div>\r\n                <\/div>\r\n              <\/div>\r\n            <\/div>\r\n          <\/div>\r\n        <\/div>\r\n      <\/div>\r\n      <div data-colibri-id=\"393-c12\" class=\"h-row-container gutters-row-lg-2 gutters-row-md-2 gutters-row-0 gutters-row-v-lg-2 gutters-row-v-md-2 gutters-row-v-2 style-475 style-local-393-c12 position-relative\">\r\n        <!---->\r\n        <div class=\"h-row justify-content-lg-center justify-content-md-center justify-content-center align-items-lg-stretch align-items-md-stretch align-items-stretch gutters-col-lg-2 gutters-col-md-2 gutters-col-0 gutters-col-v-lg-2 gutters-col-v-md-2 gutters-col-v-2\">\r\n          <!---->\r\n          <div class=\"h-column h-column-container d-flex h-col-lg-auto h-col-md-auto h-col-auto style-476-outer style-local-393-c13-outer\">\r\n            <div data-colibri-id=\"393-c13\" class=\"d-flex h-flex-basis h-column__inner h-px-lg-2 h-px-md-2 h-px-2 v-inner-lg-2 v-inner-md-2 v-inner-2 style-476 style-local-393-c13 position-relative\">\r\n              <!---->\r\n              <!---->\r\n              <div class=\"w-100 h-y-container h-column__content h-column__v-align flex-basis-100 align-self-lg-start align-self-md-start align-self-start\">\r\n                <!---->\r\n                <div data-colibri-id=\"393-c14\" class=\"h-text h-text-component style-466 style-local-393-c14 position-relative h-element\">\r\n                  <!---->\r\n                  <!---->\r\n                  <div class=\"\">\r\n                    <p>Initi\u00e9e au chamanisme suite \u00e0 un grave accident de mon mari et mes enfants, j\u2019ai poursuivi ma formation pendant une quinzaine d\u2019ann\u00e9es aupr\u00e8s de Sylvie Cavali\u00e9 Alranq puis de Laurent Huguelit et Ang\u00e9line Bichon avant de commencer \u00e0\r\n                      mon tour \u00e0 transmettre, en janvier 2020, cet outil fabuleux de connaissance de soi et de lien avec tout ce qui compose la Vie.<\/p>\r\n                    <p>&nbsp;A pr\u00e9sent praticienne chamanique, je propose des ateliers de groupe mensuels et des stages sur un week-end ou une semaine pour s\u2019immerger dans la pratique chamanique au quotidien afin de retrouver une autonomie sur son Chemin\r\n                      de Vie et la Joie qui en d\u00e9coule. Le nettoyage peut ainsi commencer (et\/ou se poursuivre) au sein d\u2019un groupe et de son \u00e9nergie soutenante.<\/p>\r\n                  <\/div>\r\n                <\/div>\r\n              <\/div>\r\n            <\/div>\r\n          <\/div>\r\n        <\/div>\r\n      <\/div>\r\n      <div data-colibri-id=\"393-c15\" class=\"h-row-container gutters-row-lg-2 gutters-row-md-2 gutters-row-0 gutters-row-v-lg-2 gutters-row-v-md-2 gutters-row-v-2 style-467 style-local-393-c15 position-relative\">\r\n        <!---->\r\n        <div class=\"h-row justify-content-lg-center justify-content-md-center justify-content-center align-items-lg-stretch align-items-md-stretch align-items-stretch gutters-col-lg-2 gutters-col-md-2 gutters-col-0 gutters-col-v-lg-2 gutters-col-v-md-2 gutters-col-v-2\">\r\n          <!---->\r\n          <div class=\"h-column h-column-container d-flex h-col-lg-auto h-col-md-auto h-col-auto style-468-outer style-local-393-c16-outer\">\r\n            <div data-colibri-id=\"393-c16\" class=\"d-flex h-flex-basis h-column__inner h-px-lg-2 h-px-md-2 h-px-2 v-inner-lg-2 v-inner-md-2 v-inner-2 style-468 style-local-393-c16 position-relative\">\r\n              <!---->\r\n              <!---->\r\n              <div class=\"w-100 h-y-container h-column__content h-column__v-align flex-basis-100 align-self-lg-start align-self-md-start align-self-start\">\r\n                <!---->\r\n                <div data-colibri-id=\"393-c17\" class=\"h-text h-text-component style-470 style-local-393-c17 position-relative h-element\">\r\n                  <!---->\r\n                  <!---->\r\n                  <div class=\"\">\r\n                    <p>Parcourir le chemin en conscience, guid\u00e9e et form\u00e9e \u00e0 chaque pas par mes esprits est une chance qui me fait vibrer de plus en plus chaque jour.\r\n                      <br>Je me sens \u00e0 nouveau Vivante et j\u2019ai envie de partager cela avec vous pour que nous continuions ensemble \u00e0 remplir nos Bo\u00eetes \u00e0 outils\u2026<\/p>\r\n                    <p>\r\n                      <br>\r\n                    <\/p>\r\n                  <\/div>\r\n                <\/div>\r\n              <\/div>\r\n            <\/div>\r\n          <\/div>\r\n        <\/div>\r\n      <\/div>\r\n      <div data-colibri-id=\"393-c18\" class=\"h-row-container gutters-row-lg-2 gutters-row-md-2 gutters-row-0 gutters-row-v-lg-2 gutters-row-v-md-2 gutters-row-v-2 style-471 style-local-393-c18 position-relative\">\r\n        <!---->\r\n        <div class=\"h-row justify-content-lg-center justify-content-md-center justify-content-center align-items-lg-stretch align-items-md-stretch align-items-stretch gutters-col-lg-2 gutters-col-md-2 gutters-col-0 gutters-col-v-lg-2 gutters-col-v-md-2 gutters-col-v-2\">\r\n          <!---->\r\n          <div class=\"h-column h-column-container d-flex h-col-lg-auto h-col-md-auto h-col-auto style-473-outer style-local-393-c19-outer\">\r\n            <div data-colibri-id=\"393-c19\" class=\"d-flex h-flex-basis h-column__inner h-px-lg-2 h-px-md-2 h-px-2 v-inner-lg-2 v-inner-md-2 v-inner-2 style-473 style-local-393-c19 position-relative\">\r\n              <!---->\r\n              <!---->\r\n              <div class=\"w-100 h-y-container h-column__content h-column__v-align flex-basis-100 align-self-lg-start align-self-md-start align-self-start\">\r\n                <!---->\r\n                <div data-colibri-id=\"393-c20\" class=\"h-text h-text-component style-474 style-local-393-c20 position-relative h-element\">\r\n                  <!---->\r\n                  <!---->\r\n                  <div class=\"\">\r\n                    <p>Florence\r\n                      <br>\r\n                    <\/p>\r\n                  <\/div>\r\n                <\/div>\r\n                <div data-colibri-id=\"393-c21\" class=\"h-text h-text-component style-509 style-local-393-c21 position-relative h-element\">\r\n                  <!---->\r\n                  <!---->\r\n                  <div class=\"\">\r\n                    <p>Tisseuse de soi\r\n                      <br>\r\n                    <\/p>\r\n                  <\/div>\r\n                <\/div>\r\n              <\/div>\r\n            <\/div>\r\n          <\/div>\r\n          <div class=\"h-column h-column-container d-flex h-col-lg-auto h-col-md-auto h-col-auto style-527-outer style-local-393-c22-outer\">\r\n            <div data-colibri-id=\"393-c22\" class=\"d-flex h-flex-basis h-column__inner h-px-lg-2 h-px-md-2 h-px-2 v-inner-lg-2 v-inner-md-2 v-inner-2 style-527 style-local-393-c22 position-relative\">\r\n              <!---->\r\n              <!---->\r\n              <div class=\"w-100 h-y-container h-column__content h-column__v-align flex-basis-100 align-self-lg-start align-self-md-start align-self-start\">\r\n                <!---->\r\n                <div data-colibri-id=\"393-c23\" class=\"d-block style-528 style-local-393-c23 position-relative h-element\">\r\n                  <!---->\r\n                  <div class=\"h-image__frame-container-outer\">\r\n                    <div class=\"h-image__frame-container\">\r\n                      <!---->\r\n                      <!---->\r\n                      <img loading=\"lazy\" decoding=\"async\" width=\"1519\" height=\"1519\" src=\"http:\/\/clairdelune-asso.fr\/wp-content\/uploads\/2024\/02\/cropped-cropped-cropped-cropped-IMG_2687-1-scaled-2.jpeg\" class=\"wp-image-548 style-528-image style-local-393-c23-image\" alt=\"\" srcset=\"https:\/\/clairdelune-asso.fr\/wp-content\/uploads\/2024\/02\/cropped-cropped-cropped-cropped-IMG_2687-1-scaled-2.jpeg 1519w, https:\/\/clairdelune-asso.fr\/wp-content\/uploads\/2024\/02\/cropped-cropped-cropped-cropped-IMG_2687-1-scaled-2-300x300.jpeg 300w, https:\/\/clairdelune-asso.fr\/wp-content\/uploads\/2024\/02\/cropped-cropped-cropped-cropped-IMG_2687-1-scaled-2-1024x1024.jpeg 1024w, https:\/\/clairdelune-asso.fr\/wp-content\/uploads\/2024\/02\/cropped-cropped-cropped-cropped-IMG_2687-1-scaled-2-150x150.jpeg 150w, https:\/\/clairdelune-asso.fr\/wp-content\/uploads\/2024\/02\/cropped-cropped-cropped-cropped-IMG_2687-1-scaled-2-768x768.jpeg 768w\" sizes=\"auto, (max-width: 1519px) 100vw, 1519px\" \/>\r\n                      <div class=\"h-image__frame h-hide-lg h-hide-md h-hide-sm style-528-frameImage style-local-393-c23-frameImage\"><\/div>\r\n                    <\/div>\r\n                  <\/div>\r\n                <\/div>\r\n              <\/div>\r\n            <\/div>\r\n          <\/div>\r\n        <\/div>\r\n      <\/div>\r\n      <div data-colibri-id=\"393-c24\" class=\"h-row-container gutters-row-lg-2 gutters-row-md-2 gutters-row-0 gutters-row-v-lg-2 gutters-row-v-md-2 gutters-row-v-2 style-529 style-local-393-c24 position-relative\">\r\n        <!---->\r\n        <div class=\"h-row justify-content-lg-center justify-content-md-center justify-content-center align-items-lg-stretch align-items-md-stretch align-items-stretch gutters-col-lg-2 gutters-col-md-2 gutters-col-0 gutters-col-v-lg-2 gutters-col-v-md-2 gutters-col-v-2\">\r\n          <!---->\r\n          <div class=\"h-column h-column-container d-flex h-col-lg-auto h-col-md-auto h-col-auto style-530-outer style-local-393-c25-outer\">\r\n            <div data-colibri-id=\"393-c25\" class=\"d-flex h-flex-basis h-column__inner h-px-lg-2 h-px-md-2 h-px-2 v-inner-lg-2 v-inner-md-2 v-inner-2 style-530 style-local-393-c25 position-relative\">\r\n              <!---->\r\n              <!---->\r\n              <div class=\"w-100 h-y-container h-column__content h-column__v-align flex-basis-100 align-self-lg-start align-self-md-start align-self-start\">\r\n                <!---->\r\n                <div data-colibri-id=\"393-c27\" class=\"h-x-container style-532 style-local-393-c27 position-relative h-element\">\r\n                  <!---->\r\n                  <div class=\"h-x-container-inner style-dynamic-393-c27-group style-532-spacing style-local-393-c27-spacing\"><span class=\"h-button__outer style-533-outer style-local-393-c28-outer d-inline-flex h-element\"><a h-use-smooth-scroll=\"true\" href=\"https:\/\/clairdelune-asso.fr\"  data-colibri-id=\"393-c28\" class=\"d-flex w-100 align-items-center h-button justify-content-lg-center justify-content-md-center justify-content-center style-533 style-local-393-c28 position-relative\"><!----><!----> <span>Retour<\/span><\/a>\r\n                    <\/span>\r\n                  <\/div>\r\n                <\/div>\r\n              <\/div>\r\n            <\/div>\r\n          <\/div>\r\n        <\/div>\r\n      <\/div>\r\n    <\/div>\r\n  <\/div>\r\n<\/div>","protected":false},"excerpt":{"rendered":"<p>Mon histoire&#8230; &nbsp; J\u2019ai toujours \u00e9t\u00e9 \u00ab&nbsp;hypersensible&nbsp;\u00bb et j\u2019ai longtemps \u00e9t\u00e9 \u00e0 la recherche d\u2019outils pour g\u00e9rer ce \u00ab&nbsp;trop&nbsp;\u00bb qui \u00e9tait douloureux. De moments cl\u00e9s en rencontres, la Vie m\u2019a offert une boite \u00e0 outils (p\u00e9dagogie, chamanisme, communication non-violente, m\u00e9ditation, jardinage, cr\u00e9ativit\u00e9\u2026) que j\u2019ai maintenant envie de partager pour que la joie que j\u2019ai sentie [&hellip;]<\/p>\n","protected":false},"author":1,"featured_media":0,"parent":0,"menu_order":0,"comment_status":"closed","ping_status":"closed","template":"page-templates\/full-width-page.php","meta":{"footnotes":""},"class_list":["post-393","page","type-page","status-publish","hentry"],"_links":{"self":[{"href":"https:\/\/clairdelune-asso.fr\/index.php\/wp-json\/wp\/v2\/pages\/393","targetHints":{"allow":["GET"]}}],"collection":[{"href":"https:\/\/clairdelune-asso.fr\/index.php\/wp-json\/wp\/v2\/pages"}],"about":[{"href":"https:\/\/clairdelune-asso.fr\/index.php\/wp-json\/wp\/v2\/types\/page"}],"author":[{"embeddable":true,"href":"https:\/\/clairdelune-asso.fr\/index.php\/wp-json\/wp\/v2\/users\/1"}],"replies":[{"embeddable":true,"href":"https:\/\/clairdelune-asso.fr\/index.php\/wp-json\/wp\/v2\/comments?post=393"}],"version-history":[{"count":8,"href":"https:\/\/clairdelune-asso.fr\/index.php\/wp-json\/wp\/v2\/pages\/393\/revisions"}],"predecessor-version":[{"id":573,"href":"https:\/\/clairdelune-asso.fr\/index.php\/wp-json\/wp\/v2\/pages\/393\/revisions\/573"}],"wp:attachment":[{"href":"https:\/\/clairdelune-asso.fr\/index.php\/wp-json\/wp\/v2\/media?parent=393"}],"curies":[{"name":"wp","href":"https:\/\/api.w.org\/{rel}","templated":true}]}}