{"id":859,"date":"2024-10-07T11:37:45","date_gmt":"2024-10-07T09:37:45","guid":{"rendered":"https:\/\/clairdelune-asso.fr\/?page_id=859"},"modified":"2024-10-07T16:08:43","modified_gmt":"2024-10-07T14:08:43","slug":"composer-votre-atelier","status":"publish","type":"page","link":"https:\/\/clairdelune-asso.fr\/index.php\/composer-votre-atelier\/","title":{"rendered":"Composer votre atelier"},"content":{"rendered":"<div data-colibri-id=\"859-c1\" class=\"style-584 style-local-859-c1 position-relative\">\r\n  <!---->\r\n  <div data-colibri-component=\"section\" data-colibri-id=\"859-c2\" id=\"initial-content\" class=\"h-section h-section-global-spacing d-flex align-items-lg-center align-items-md-center align-items-center style-585 style-local-859-c2 position-relative\">\r\n    <!---->\r\n    <!---->\r\n    <div class=\"h-section-grid-container h-section-boxed-container\">\r\n      <!---->\r\n      <div data-colibri-id=\"859-c3\" class=\"h-row-container gutters-row-lg-2 gutters-row-md-2 gutters-row-0 gutters-row-v-lg-2 gutters-row-v-md-2 gutters-row-v-2 style-586 style-local-859-c3 position-relative\">\r\n        <!---->\r\n        <div class=\"h-row justify-content-lg-center justify-content-md-center justify-content-center align-items-lg-stretch align-items-md-stretch align-items-stretch gutters-col-lg-2 gutters-col-md-2 gutters-col-0 gutters-col-v-lg-2 gutters-col-v-md-2 gutters-col-v-2\">\r\n          <!---->\r\n          <div class=\"h-column h-column-container d-flex h-col-lg-auto h-col-md-auto h-col-auto style-600-outer style-local-859-c4-outer\">\r\n            <div data-colibri-id=\"859-c4\" class=\"d-flex h-flex-basis h-column__inner h-px-lg-2 h-px-md-2 h-px-2 v-inner-lg-2 v-inner-md-2 v-inner-2 style-600 style-local-859-c4 position-relative\">\r\n              <!---->\r\n              <!---->\r\n              <div class=\"w-100 h-y-container h-column__content h-column__v-align flex-basis-100 align-self-lg-start align-self-md-start align-self-start\">\r\n                <!---->\r\n                <div data-colibri-id=\"859-c5\" class=\"h-text h-text-component style-601 style-local-859-c5 position-relative h-element\">\r\n                  <!---->\r\n                  <!---->\r\n                  <div class=\"\">\r\n                    <h5>Composer votre atelier !\r\n                      <br>\r\n                      <br>Je vous propose de composer votre atelier sur mesure pour explorer un th\u00e8me en particulier (pour 6 personnes minimum) :\r\n                      <br>\r\n                    <\/h5>\r\n                    <ul>\r\n                      <li class=\"ql-indent-1\">Initiation aux voyages au tambour : rencontre avec son animal de pouvoir.<\/li>\r\n                      <li class=\"ql-indent-1\">Ancrage du lien avec l\u2019animal de pouvoir : danse et fusion.<\/li>\r\n                      <li class=\"ql-indent-1\">D\u00e9couverte de l\u2019esprit guide-spirituel dan le monde d\u2019en haut.<\/li>\r\n                      <li class=\"ql-indent-1\">Les directions: un outil de centrage: cr\u00e9ation de son cocon protecteur gr\u00e2ce aux soins des esprits des directions.<\/li>\r\n                      <li class=\"ql-indent-1\">Tambours et chants: la vibration au service du corps. Retrouver l\u2019expression de Soi.<\/li>\r\n                      <li class=\"ql-indent-1\">Extractions : technique de soin pour nettoyer et enlever ce qui nous encombre<\/li>\r\n                      <li class=\"ql-indent-1\">Recouvrements d\u2019\u00e2me : technique de soin qui nous permet de ramener \u00e0 soi des morceaux d\u2019\u00e2mes perdus lors d\u2019\u00e9v\u00e9nements marquants de notre vie.<\/li>\r\n                      <li class=\"ql-indent-1\">F\u00e9minin\/Masculin : un lien \u00e0 r\u00e9parer en nous gr\u00e2ce \u00e0 l\u2019aide de nos deux esprits alli\u00e9s.<\/li>\r\n                      <li class=\"ql-indent-1\">Rencontre avec la M\u00e8re de nos m\u00e8res, sagesse, soin et force \u00e0 explorer.<\/li>\r\n                      <li class=\"ql-indent-1\">La mort et au-del\u00e0 : rencontre avec notre esprit de la mort, exp\u00e9rimenter au-del\u00e0 des croyances.<\/li>\r\n                      <li class=\"ql-indent-1\">D\u00e9couverte des esprits des Huit circuits de conscience adapt\u00e9 du livre de Laurent Huguelit. (Pour approfondir, voir les stages qu\u2019il propose.)<\/li>\r\n                    <\/ul>\r\n                    <p>\r\n                      <br>\r\n                    <\/p>\r\n                    <p>\r\n                      <br>\r\n                    <\/p>\r\n                  <\/div>\r\n                <\/div>\r\n              <\/div>\r\n            <\/div>\r\n          <\/div>\r\n        <\/div>\r\n      <\/div>\r\n      <div data-colibri-id=\"859-c6\" class=\"h-row-container gutters-row-lg-2 gutters-row-md-2 gutters-row-0 gutters-row-v-lg-2 gutters-row-v-md-2 gutters-row-v-2 style-602 style-local-859-c6 position-relative\">\r\n        <!---->\r\n        <div class=\"h-row justify-content-lg-center justify-content-md-center justify-content-center align-items-lg-stretch align-items-md-stretch align-items-stretch gutters-col-lg-2 gutters-col-md-2 gutters-col-0 gutters-col-v-lg-2 gutters-col-v-md-2 gutters-col-v-2\">\r\n          <!---->\r\n          <div class=\"h-column h-column-container d-flex h-col-lg-auto h-col-md-auto h-col-auto style-603-outer style-local-859-c7-outer\">\r\n            <div data-colibri-id=\"859-c7\" class=\"d-flex h-flex-basis h-column__inner h-px-lg-2 h-px-md-2 h-px-2 v-inner-lg-2 v-inner-md-2 v-inner-2 style-603 style-local-859-c7 position-relative\">\r\n              <!---->\r\n              <!---->\r\n              <div class=\"w-100 h-y-container h-column__content h-column__v-align flex-basis-100 align-self-lg-start align-self-md-start align-self-start\">\r\n                <!---->\r\n                <div data-colibri-id=\"859-c9\" class=\"h-x-container style-605 style-local-859-c9 position-relative h-element\">\r\n                  <!---->\r\n                  <div class=\"h-x-container-inner style-dynamic-859-c9-group style-605-spacing style-local-859-c9-spacing\"><span class=\"h-button__outer style-606-outer style-local-859-c10-outer d-inline-flex h-element\"><a h-use-smooth-scroll=\"true\" href=\"https:\/\/clairdelune-asso.fr\/\"  data-colibri-id=\"859-c10\" class=\"d-flex w-100 align-items-center h-button justify-content-lg-center justify-content-md-center justify-content-center style-606 style-local-859-c10 position-relative\"><!----><!----> <span>retour<\/span><\/a>\r\n                    <\/span>\r\n                  <\/div>\r\n                <\/div>\r\n              <\/div>\r\n            <\/div>\r\n          <\/div>\r\n        <\/div>\r\n      <\/div>\r\n    <\/div>\r\n  <\/div>\r\n<\/div>","protected":false},"excerpt":{"rendered":"<p>Composer votre atelier ! Je vous propose de composer votre atelier sur mesure pour explorer un th\u00e8me en particulier (pour 6 personnes minimum) : Initiation aux voyages au tambour : rencontre avec son animal de pouvoir. Ancrage du lien avec l\u2019animal de pouvoir : danse et fusion. D\u00e9couverte de l\u2019esprit guide-spirituel dan le monde d\u2019en [&hellip;]<\/p>\n","protected":false},"author":1,"featured_media":0,"parent":0,"menu_order":0,"comment_status":"closed","ping_status":"closed","template":"page-templates\/full-width-page.php","meta":{"footnotes":""},"class_list":["post-859","page","type-page","status-publish","hentry"],"_links":{"self":[{"href":"https:\/\/clairdelune-asso.fr\/index.php\/wp-json\/wp\/v2\/pages\/859","targetHints":{"allow":["GET"]}}],"collection":[{"href":"https:\/\/clairdelune-asso.fr\/index.php\/wp-json\/wp\/v2\/pages"}],"about":[{"href":"https:\/\/clairdelune-asso.fr\/index.php\/wp-json\/wp\/v2\/types\/page"}],"author":[{"embeddable":true,"href":"https:\/\/clairdelune-asso.fr\/index.php\/wp-json\/wp\/v2\/users\/1"}],"replies":[{"embeddable":true,"href":"https:\/\/clairdelune-asso.fr\/index.php\/wp-json\/wp\/v2\/comments?post=859"}],"version-history":[{"count":10,"href":"https:\/\/clairdelune-asso.fr\/index.php\/wp-json\/wp\/v2\/pages\/859\/revisions"}],"predecessor-version":[{"id":933,"href":"https:\/\/clairdelune-asso.fr\/index.php\/wp-json\/wp\/v2\/pages\/859\/revisions\/933"}],"wp:attachment":[{"href":"https:\/\/clairdelune-asso.fr\/index.php\/wp-json\/wp\/v2\/media?parent=859"}],"curies":[{"name":"wp","href":"https:\/\/api.w.org\/{rel}","templated":true}]}}